{"id":747,"date":"2025-03-20T14:28:29","date_gmt":"2025-03-20T13:28:29","guid":{"rendered":"https:\/\/oller-trade.eu\/?page_id=747"},"modified":"2025-03-21T12:28:35","modified_gmt":"2025-03-21T11:28:35","slug":"walcarka-laboratoryjna-agila-lw-150-x-300","status":"publish","type":"page","link":"https:\/\/oller-trade.eu\/index.php\/pl\/offer\/gum\/walcarka-laboratoryjna-agila-lw-150-x-300\/","title":{"rendered":"Walcarka laboratoryjna Agila LW 150 x 300"},"content":{"rendered":"<p><strong>Walcarka laboratoryjna do gumy i tworzyw sztucznych belgijskiej firmy Agila.<\/strong><br \/>\n<strong>Nap\u0119d &#8211; 2 silniki 7,5kW p\u0142ynna regulacja obrot\u00f3w i frykcji &#8211; falowniki ABB.<\/strong><br \/>\n<strong>Grzane walce.<\/strong><br \/>\n<strong>Panel operatorski Siemens.<\/strong><br \/>\n<strong>Rok produkcji: 2007.<\/strong><br \/>\n<strong>Waga maszyny: oko\u0142o 2000kg.<\/strong><\/p>\n\n\t\t<style type=\"text\/css\">\n\t\t\t#gallery-1 {\n\t\t\t\tmargin: auto;\n\t\t\t}\n\t\t\t#gallery-1 .gallery-item {\n\t\t\t\tfloat: left;\n\t\t\t\tmargin-top: 10px;\n\t\t\t\ttext-align: center;\n\t\t\t\twidth: 33%;\n\t\t\t}\n\t\t\t#gallery-1 img {\n\t\t\t\tborder: 2px solid #cfcfcf;\n\t\t\t}\n\t\t\t#gallery-1 .gallery-caption {\n\t\t\t\tmargin-left: 0;\n\t\t\t}\n\t\t\t\/* see gallery_shortcode() in wp-includes\/media.php *\/\n\t\t<\/style>\n\t\t<div id='gallery-1' class='gallery galleryid-747 gallery-columns-3 gallery-size-full'><dl class='gallery-item'>\n\t\t\t<dt class='gallery-icon landscape'>\n\t\t\t\t<a href='https:\/\/oller-trade.eu\/index.php\/pl\/offer\/gum\/walcarka-laboratoryjna-agila-lw-150-x-300\/12-04-20_ffbb0fba\/'><img loading=\"lazy\" decoding=\"async\" width=\"2000\" height=\"1126\" src=\"https:\/\/oller-trade.eu\/wp-content\/uploads\/2025\/03\/12.04.20_ffbb0fba.jpg\" class=\"attachment-full size-full\" alt=\"\" srcset=\"https:\/\/oller-trade.eu\/wp-content\/uploads\/2025\/03\/12.04.20_ffbb0fba.jpg 2000w, https:\/\/oller-trade.eu\/wp-content\/uploads\/2025\/03\/12.04.20_ffbb0fba-300x169.jpg 300w, https:\/\/oller-trade.eu\/wp-content\/uploads\/2025\/03\/12.04.20_ffbb0fba-1024x577.jpg 1024w, https:\/\/oller-trade.eu\/wp-content\/uploads\/2025\/03\/12.04.20_ffbb0fba-768x432.jpg 768w, https:\/\/oller-trade.eu\/wp-content\/uploads\/2025\/03\/12.04.20_ffbb0fba-1536x865.jpg 1536w\" sizes=\"auto, (max-width: 2000px) 100vw, 2000px\" \/><\/a>\n\t\t\t<\/dt><\/dl><dl class='gallery-item'>\n\t\t\t<dt class='gallery-icon landscape'>\n\t\t\t\t<a href='https:\/\/oller-trade.eu\/index.php\/pl\/offer\/gum\/walcarka-laboratoryjna-agila-lw-150-x-300\/20250307_153627\/'><img loading=\"lazy\" decoding=\"async\" width=\"2377\" height=\"1757\" src=\"https:\/\/oller-trade.eu\/wp-content\/uploads\/2025\/03\/20250307_153627.jpg\" class=\"attachment-full size-full\" alt=\"\" srcset=\"https:\/\/oller-trade.eu\/wp-content\/uploads\/2025\/03\/20250307_153627.jpg 2377w, https:\/\/oller-trade.eu\/wp-content\/uploads\/2025\/03\/20250307_153627-300x222.jpg 300w, https:\/\/oller-trade.eu\/wp-content\/uploads\/2025\/03\/20250307_153627-1024x757.jpg 1024w, https:\/\/oller-trade.eu\/wp-content\/uploads\/2025\/03\/20250307_153627-768x568.jpg 768w, https:\/\/oller-trade.eu\/wp-content\/uploads\/2025\/03\/20250307_153627-1536x1135.jpg 1536w, https:\/\/oller-trade.eu\/wp-content\/uploads\/2025\/03\/20250307_153627-2048x1514.jpg 2048w\" sizes=\"auto, (max-width: 2377px) 100vw, 2377px\" \/><\/a>\n\t\t\t<\/dt><\/dl><dl class='gallery-item'>\n\t\t\t<dt class='gallery-icon landscape'>\n\t\t\t\t<a href='https:\/\/oller-trade.eu\/index.php\/pl\/offer\/gum\/walcarka-laboratoryjna-agila-lw-150-x-300\/20250307_153549\/'><img loading=\"lazy\" decoding=\"async\" width=\"2560\" height=\"1441\" src=\"https:\/\/oller-trade.eu\/wp-content\/uploads\/2025\/03\/20250307_153549-scaled.jpg\" class=\"attachment-full size-full\" alt=\"\" srcset=\"https:\/\/oller-trade.eu\/wp-content\/uploads\/2025\/03\/20250307_153549-scaled.jpg 2560w, https:\/\/oller-trade.eu\/wp-content\/uploads\/2025\/03\/20250307_153549-300x169.jpg 300w, https:\/\/oller-trade.eu\/wp-content\/uploads\/2025\/03\/20250307_153549-1024x577.jpg 1024w, https:\/\/oller-trade.eu\/wp-content\/uploads\/2025\/03\/20250307_153549-768x432.jpg 768w, https:\/\/oller-trade.eu\/wp-content\/uploads\/2025\/03\/20250307_153549-1536x865.jpg 1536w, https:\/\/oller-trade.eu\/wp-content\/uploads\/2025\/03\/20250307_153549-2048x1153.jpg 2048w\" sizes=\"auto, (max-width: 2560px) 100vw, 2560px\" \/><\/a>\n\t\t\t<\/dt><\/dl><br style=\"clear: both\" \/><dl class='gallery-item'>\n\t\t\t<dt class='gallery-icon landscape'>\n\t\t\t\t<a href='https:\/\/oller-trade.eu\/index.php\/pl\/offer\/gum\/walcarka-laboratoryjna-agila-lw-150-x-300\/20250307_153653\/'><img loading=\"lazy\" decoding=\"async\" width=\"2560\" height=\"1441\" src=\"https:\/\/oller-trade.eu\/wp-content\/uploads\/2025\/03\/20250307_153653-scaled.jpg\" class=\"attachment-full size-full\" alt=\"\" srcset=\"https:\/\/oller-trade.eu\/wp-content\/uploads\/2025\/03\/20250307_153653-scaled.jpg 2560w, https:\/\/oller-trade.eu\/wp-content\/uploads\/2025\/03\/20250307_153653-300x169.jpg 300w, https:\/\/oller-trade.eu\/wp-content\/uploads\/2025\/03\/20250307_153653-1024x577.jpg 1024w, https:\/\/oller-trade.eu\/wp-content\/uploads\/2025\/03\/20250307_153653-768x432.jpg 768w, https:\/\/oller-trade.eu\/wp-content\/uploads\/2025\/03\/20250307_153653-1536x865.jpg 1536w, https:\/\/oller-trade.eu\/wp-content\/uploads\/2025\/03\/20250307_153653-2048x1153.jpg 2048w\" sizes=\"auto, (max-width: 2560px) 100vw, 2560px\" \/><\/a>\n\t\t\t<\/dt><\/dl><dl class='gallery-item'>\n\t\t\t<dt class='gallery-icon landscape'>\n\t\t\t\t<a href='https:\/\/oller-trade.eu\/index.php\/pl\/offer\/gum\/walcarka-laboratoryjna-agila-lw-150-x-300\/20250306_155751\/'><img loading=\"lazy\" decoding=\"async\" width=\"2560\" height=\"1441\" src=\"https:\/\/oller-trade.eu\/wp-content\/uploads\/2025\/03\/20250306_155751-scaled.jpg\" class=\"attachment-full size-full\" alt=\"\" srcset=\"https:\/\/oller-trade.eu\/wp-content\/uploads\/2025\/03\/20250306_155751-scaled.jpg 2560w, https:\/\/oller-trade.eu\/wp-content\/uploads\/2025\/03\/20250306_155751-300x169.jpg 300w, https:\/\/oller-trade.eu\/wp-content\/uploads\/2025\/03\/20250306_155751-1024x577.jpg 1024w, https:\/\/oller-trade.eu\/wp-content\/uploads\/2025\/03\/20250306_155751-768x432.jpg 768w, https:\/\/oller-trade.eu\/wp-content\/uploads\/2025\/03\/20250306_155751-1536x865.jpg 1536w, https:\/\/oller-trade.eu\/wp-content\/uploads\/2025\/03\/20250306_155751-2048x1153.jpg 2048w\" sizes=\"auto, (max-width: 2560px) 100vw, 2560px\" \/><\/a>\n\t\t\t<\/dt><\/dl><dl class='gallery-item'>\n\t\t\t<dt class='gallery-icon landscape'>\n\t\t\t\t<a href='https:\/\/oller-trade.eu\/index.php\/pl\/offer\/gum\/walcarka-laboratoryjna-agila-lw-150-x-300\/20250306_155815\/'><img loading=\"lazy\" decoding=\"async\" width=\"2120\" height=\"1194\" src=\"https:\/\/oller-trade.eu\/wp-content\/uploads\/2025\/03\/20250306_155815.jpg\" class=\"attachment-full size-full\" alt=\"\" srcset=\"https:\/\/oller-trade.eu\/wp-content\/uploads\/2025\/03\/20250306_155815.jpg 2120w, https:\/\/oller-trade.eu\/wp-content\/uploads\/2025\/03\/20250306_155815-300x169.jpg 300w, https:\/\/oller-trade.eu\/wp-content\/uploads\/2025\/03\/20250306_155815-1024x577.jpg 1024w, https:\/\/oller-trade.eu\/wp-content\/uploads\/2025\/03\/20250306_155815-768x433.jpg 768w, https:\/\/oller-trade.eu\/wp-content\/uploads\/2025\/03\/20250306_155815-1536x865.jpg 1536w, https:\/\/oller-trade.eu\/wp-content\/uploads\/2025\/03\/20250306_155815-2048x1153.jpg 2048w\" sizes=\"auto, (max-width: 2120px) 100vw, 2120px\" \/><\/a>\n\t\t\t<\/dt><\/dl><br style=\"clear: both\" \/>\n\t\t<\/div>\n\n","protected":false},"excerpt":{"rendered":"<p>Walcarka laboratoryjna do gumy i tworzyw sztucznych belgijskiej firmy Agila. Nap\u0119d &#8211; 2 silniki 7,5kW p\u0142ynna regulacja obrot\u00f3w i frykcji &#8211; falowniki ABB. Grzane walce. Panel operatorski Siemens. Rok produkcji: 2007. Waga maszyny: oko\u0142o 2000kg.<\/p>\n","protected":false},"author":2,"featured_media":0,"parent":440,"menu_order":0,"comment_status":"closed","ping_status":"closed","template":"","meta":{"_themeisle_gutenberg_block_has_review":false,"footnotes":""},"class_list":["post-747","page","type-page","status-publish","hentry"],"_links":{"self":[{"href":"https:\/\/oller-trade.eu\/index.php\/wp-json\/wp\/v2\/pages\/747","targetHints":{"allow":["GET"]}}],"collection":[{"href":"https:\/\/oller-trade.eu\/index.php\/wp-json\/wp\/v2\/pages"}],"about":[{"href":"https:\/\/oller-trade.eu\/index.php\/wp-json\/wp\/v2\/types\/page"}],"author":[{"embeddable":true,"href":"https:\/\/oller-trade.eu\/index.php\/wp-json\/wp\/v2\/users\/2"}],"replies":[{"embeddable":true,"href":"https:\/\/oller-trade.eu\/index.php\/wp-json\/wp\/v2\/comments?post=747"}],"version-history":[{"count":4,"href":"https:\/\/oller-trade.eu\/index.php\/wp-json\/wp\/v2\/pages\/747\/revisions"}],"predecessor-version":[{"id":767,"href":"https:\/\/oller-trade.eu\/index.php\/wp-json\/wp\/v2\/pages\/747\/revisions\/767"}],"up":[{"embeddable":true,"href":"https:\/\/oller-trade.eu\/index.php\/wp-json\/wp\/v2\/pages\/440"}],"wp:attachment":[{"href":"https:\/\/oller-trade.eu\/index.php\/wp-json\/wp\/v2\/media?parent=747"}],"curies":[{"name":"wp","href":"https:\/\/api.w.org\/{rel}","templated":true}]}}