{"id":436,"date":"2018-03-12T12:08:36","date_gmt":"2018-03-12T11:08:36","guid":{"rendered":"http:\/\/oller-trade.eu\/?page_id=436"},"modified":"2018-09-17T08:51:06","modified_gmt":"2018-09-17T06:51:06","slug":"metal","status":"publish","type":"page","link":"https:\/\/oller-trade.eu\/index.php\/pl\/offer\/metal\/","title":{"rendered":"Metal &#8211; [PL]"},"content":{"rendered":"<div id=\"pl-436\"  class=\"panel-layout\" ><div id=\"pg-436-0\"  class=\"panel-grid panel-has-style\"  style=\"margin-bottom: 30px\" ><div class=\"so-parallax siteorigin-panels-stretch panel-row-style panel-row-style-for-436-0\" data-stretch-type=\"full-stretched\" ><img fetchpriority=\"high\" decoding=\"async\" width=\"2720\" height=\"1807\" src=\"https:\/\/oller-trade.eu\/wp-content\/uploads\/2018\/03\/28872069_925471847613418_4769917329486118912_o.jpg\" class=\"attachment-full size-full\" alt=\"\" data-siteorigin-parallax=\"true\" loading=\"eager\" srcset=\"https:\/\/oller-trade.eu\/wp-content\/uploads\/2018\/03\/28872069_925471847613418_4769917329486118912_o.jpg 2720w, https:\/\/oller-trade.eu\/wp-content\/uploads\/2018\/03\/28872069_925471847613418_4769917329486118912_o-300x199.jpg 300w, https:\/\/oller-trade.eu\/wp-content\/uploads\/2018\/03\/28872069_925471847613418_4769917329486118912_o-768x510.jpg 768w, https:\/\/oller-trade.eu\/wp-content\/uploads\/2018\/03\/28872069_925471847613418_4769917329486118912_o-1024x680.jpg 1024w, https:\/\/oller-trade.eu\/wp-content\/uploads\/2018\/03\/28872069_925471847613418_4769917329486118912_o-360x240.jpg 360w\" sizes=\"(max-width: 2720px) 100vw, 2720px\" \/><div id=\"pgc-436-0-0\"  class=\"panel-grid-cell\" ><div id=\"panel-436-0-0-0\" class=\"so-panel widget widget_siteorigin-panels-builder panel-first-child panel-last-child\" data-index=\"0\" ><div style=\"padding: 150pt 10pt 150pt 10pt;\" class=\"panel-widget-style panel-widget-style-for-436-0-0-0\" ><div id=\"pl-w5aa5c5e754dce\"  class=\"panel-layout\" ><div id=\"pg-w5aa5c5e754dce-0\"  class=\"panel-grid panel-no-style\"  style=\"margin-bottom: 30px\" ><div id=\"pgc-w5aa5c5e754dce-0-0\"  class=\"panel-grid-cell\" ><div id=\"panel-w5aa5c5e754dce-0-0-0\" class=\"so-panel widget widget_text panel-first-child panel-last-child\" data-index=\"0\" ><h3 class=\"widget-title\">Oller-Trade<\/h3>\t\t\t<div class=\"textwidget\"><\/div>\n\t\t<\/div><\/div><\/div><div id=\"pg-w5aa5c5e754dce-1\"  class=\"panel-grid panel-no-style\" ><div id=\"pgc-w5aa5c5e754dce-1-0\"  class=\"panel-grid-cell panel-grid-cell-empty\" ><\/div><div id=\"pgc-w5aa5c5e754dce-1-1\"  class=\"panel-grid-cell panel-grid-cell-mobile-last\" ><div id=\"panel-w5aa5c5e754dce-1-1-0\" class=\"widget_text so-panel widget widget_custom_html panel-first-child panel-last-child\" data-index=\"1\" ><div class=\"textwidget custom-html-widget\"><a href=\"\/index.php\/pl\/offer\" title=\"Oferta\" id=\"OfferButton\" class=\"polishLanguageButton btn btn-primary btn-lg customize-unpreviewable\">Oferta<\/a>\n<a href=\"\/index.php\/pl\/contact\" title=\"Kontakt\" id=\"ContactButton\" class=\"englishLanguageButton btn btn-primary btn-lg customize-unpreviewable\">Kontakt<\/a><\/div><\/div><\/div><div id=\"pgc-w5aa5c5e754dce-1-2\"  class=\"panel-grid-cell panel-grid-cell-empty\" ><\/div><\/div><\/div><\/div><\/div><\/div><\/div><\/div><div id=\"pg-436-1\"  class=\"panel-grid panel-no-style\" ><div id=\"pgc-436-1-0\"  class=\"panel-grid-cell\" ><div id=\"panel-436-1-0-0\" class=\"so-panel widget widget_sow-editor panel-first-child panel-last-child\" data-index=\"1\" ><div\n\t\t\t\n\t\t\tclass=\"so-widget-sow-editor so-widget-sow-editor-base\"\n\t\t\t\n\t\t><h3 class=\"widget-title\">Maszyny do obr\u00f3bki metalu<\/h3>\n<div class=\"siteorigin-widget-tinymce textwidget\">\n\t<p><a href=\"https:\/\/www.resale.info\/en\/SCHULER-PEn-32-280-\/No-123617282\">U\u017cywana prasa mimo\u015brodowa przechylna Schuler PEn 32\/280<\/a> <a href=\"https:\/\/www.resale.info\/en\/ALZMETALL-AC32-AS-\/No-123172559\"><\/a><\/p>\n<p><a href=\"https:\/\/www.resale.info\/en\/ALZMETALL-AC32-AS-\/No-123172559\">Wiertarko gwinciarka CNC \u00a0<\/a><a href=\"https:\/\/www.resale.info\/en\/ALZMETALL-AC32-AS-\/No-123172559\">Alzmetal AC 32 g\u0142owic\u0105 rewolwerow\u0105<\/a><\/p>\n<p>Prasa hydrauliczna PHM 250d PONAR \u017bywiec<\/p>\n<p>Prasa hydrauliczna PHM 400 PONAR \u017bywiec [SPRZEDANE]<\/p>\n<p>Prasa automatyczna PAD 63 PLASOMAT Warszawa [SPRZEDANE]<\/p>\n<p>Prasa automatyczna PAD 40 PLASOMAT Warszawa<\/p>\n<p>&nbsp;<\/p>\n<p><a href=\"https:\/\/www.resale.info\/en\/FINN-POWER-TP-3000-\/No-127343248\">Wykrawarka Finn Power TP 3000<\/a><\/p>\n<p><a href=\"https:\/\/www.resale.info\/en\/BUCHER-GUYER-HPU-320-\/No-125881577\">Prasa hydrauliczna BUCHER-GUYER HPU 320<\/a><\/p>\n<p><a href=\"https:\/\/www.resale.info\/en\/RAFAMET-KCF-320-\/No-124207452\">Tokarka karuzelowa CNC RAFAMET KCF 320<\/a><\/p>\n<p><a href=\"https:\/\/www.resale.info\/en\/RAFAMET-KCH-160-\/No-123966614\">Tokarka karuzelowa CNC RAFAMET KCH 160<\/a><\/p>\n<p>&nbsp;<\/p>\n<p>&nbsp;<\/p>\n<p>&nbsp;<\/p>\n<p>&nbsp;<\/p>\n<p>&nbsp;<\/p>\n<p>&nbsp;<\/p>\n<p>&nbsp;<\/p>\n<p>&nbsp;<\/p>\n<\/div>\n<\/div><\/div><\/div><\/div><\/div>","protected":false},"excerpt":{"rendered":"<p>U\u017cywana prasa mimo\u015brodowa przechylna Schuler PEn 32\/280 Wiertarko gwinciarka CNC \u00a0Alzmetal AC 32 g\u0142owic\u0105 rewolwerow\u0105 Prasa hydrauliczna PHM 250d PONAR \u017bywiec Prasa hydrauliczna PHM 400 PONAR \u017bywiec [SPRZEDANE] Prasa automatyczna PAD 63 PLASOMAT Warszawa [SPRZEDANE] Prasa automatyczna PAD 40 PLASOMAT Warszawa &nbsp; Wykrawarka Finn Power TP 3000 Prasa hydrauliczna BUCHER-GUYER<a class=\"moretag\" href=\"https:\/\/oller-trade.eu\/index.php\/pl\/offer\/metal\/\"> Czytaj wi\u0119cej<\/a><\/p>\n","protected":false},"author":1,"featured_media":0,"parent":332,"menu_order":0,"comment_status":"closed","ping_status":"closed","template":"","meta":{"_themeisle_gutenberg_block_has_review":false,"footnotes":""},"class_list":["post-436","page","type-page","status-publish","hentry"],"_links":{"self":[{"href":"https:\/\/oller-trade.eu\/index.php\/wp-json\/wp\/v2\/pages\/436","targetHints":{"allow":["GET"]}}],"collection":[{"href":"https:\/\/oller-trade.eu\/index.php\/wp-json\/wp\/v2\/pages"}],"about":[{"href":"https:\/\/oller-trade.eu\/index.php\/wp-json\/wp\/v2\/types\/page"}],"author":[{"embeddable":true,"href":"https:\/\/oller-trade.eu\/index.php\/wp-json\/wp\/v2\/users\/1"}],"replies":[{"embeddable":true,"href":"https:\/\/oller-trade.eu\/index.php\/wp-json\/wp\/v2\/comments?post=436"}],"version-history":[{"count":23,"href":"https:\/\/oller-trade.eu\/index.php\/wp-json\/wp\/v2\/pages\/436\/revisions"}],"predecessor-version":[{"id":578,"href":"https:\/\/oller-trade.eu\/index.php\/wp-json\/wp\/v2\/pages\/436\/revisions\/578"}],"up":[{"embeddable":true,"href":"https:\/\/oller-trade.eu\/index.php\/wp-json\/wp\/v2\/pages\/332"}],"wp:attachment":[{"href":"https:\/\/oller-trade.eu\/index.php\/wp-json\/wp\/v2\/media?parent=436"}],"curies":[{"name":"wp","href":"https:\/\/api.w.org\/{rel}","templated":true}]}}