{"id":284,"date":"2018-03-09T23:59:04","date_gmt":"2018-03-09T22:59:04","guid":{"rendered":"http:\/\/oller-trade.eu\/?page_id=284"},"modified":"2025-03-19T14:08:14","modified_gmt":"2025-03-19T13:08:14","slug":"contact","status":"publish","type":"page","link":"https:\/\/oller-trade.eu\/index.php\/pl\/contact\/","title":{"rendered":"Contact &#8211; [PL]"},"content":{"rendered":"<div id=\"pl-284\"  class=\"panel-layout\" ><div id=\"pg-284-0\"  class=\"panel-grid panel-has-style\"  style=\"margin-bottom: 30px\" ><div class=\"so-parallax siteorigin-panels-stretch panel-row-style panel-row-style-for-284-0\" data-stretch-type=\"full-width-stretch\" ><img fetchpriority=\"high\" decoding=\"async\" width=\"2720\" height=\"1807\" src=\"https:\/\/oller-trade.eu\/wp-content\/uploads\/2018\/03\/28872069_925471847613418_4769917329486118912_o.jpg\" class=\"attachment-full size-full\" alt=\"\" data-siteorigin-parallax=\"true\" loading=\"eager\" srcset=\"https:\/\/oller-trade.eu\/wp-content\/uploads\/2018\/03\/28872069_925471847613418_4769917329486118912_o.jpg 2720w, https:\/\/oller-trade.eu\/wp-content\/uploads\/2018\/03\/28872069_925471847613418_4769917329486118912_o-300x199.jpg 300w, https:\/\/oller-trade.eu\/wp-content\/uploads\/2018\/03\/28872069_925471847613418_4769917329486118912_o-768x510.jpg 768w, https:\/\/oller-trade.eu\/wp-content\/uploads\/2018\/03\/28872069_925471847613418_4769917329486118912_o-1024x680.jpg 1024w, https:\/\/oller-trade.eu\/wp-content\/uploads\/2018\/03\/28872069_925471847613418_4769917329486118912_o-360x240.jpg 360w\" sizes=\"(max-width: 2720px) 100vw, 2720px\" \/><div id=\"pgc-284-0-0\"  class=\"panel-grid-cell\" ><div id=\"panel-284-0-0-0\" class=\"so-panel widget widget_siteorigin-panels-builder panel-first-child panel-last-child\" data-index=\"0\" ><div style=\"padding: 150pt 10pt 150pt 10pt;\" class=\"panel-widget-style panel-widget-style-for-284-0-0-0\" ><div id=\"pl-w5aa31945d2713\"  class=\"panel-layout\" ><div id=\"pg-w5aa31945d2713-0\"  class=\"panel-grid panel-no-style\"  style=\"margin-bottom: 30px\" ><div id=\"pgc-w5aa31945d2713-0-0\"  class=\"panel-grid-cell\" ><div id=\"panel-w5aa31945d2713-0-0-0\" class=\"so-panel widget widget_text panel-first-child panel-last-child\" data-index=\"0\" ><h3 class=\"widget-title\">Oller-Trade<\/h3>\t\t\t<div class=\"textwidget\"><\/div>\n\t\t<\/div><\/div><\/div><div id=\"pg-w5aa31945d2713-1\"  class=\"panel-grid panel-no-style\" ><div id=\"pgc-w5aa31945d2713-1-0\"  class=\"panel-grid-cell panel-grid-cell-empty\" ><\/div><div id=\"pgc-w5aa31945d2713-1-1\"  class=\"panel-grid-cell panel-grid-cell-mobile-last\" ><div id=\"panel-w5aa31945d2713-1-1-0\" class=\"widget_text so-panel widget widget_custom_html panel-first-child panel-last-child\" data-index=\"1\" ><div class=\"textwidget custom-html-widget\"><a href=\"\/index.php\/pl\/offer\" title=\"Oferta\" id=\"OfferButton\" class=\"polishLanguageButton btn btn-primary btn-lg customize-unpreviewable\">Oferta<\/a>\n<a href=\"\/index.php\/pl\/contact\" title=\"Kontakt\" id=\"ContactButton\" class=\"englishLanguageButton btn btn-primary btn-lg customize-unpreviewable\">Kontakt<\/a><\/div><\/div><\/div><div id=\"pgc-w5aa31945d2713-1-2\"  class=\"panel-grid-cell panel-grid-cell-empty\" ><\/div><\/div><\/div><\/div><\/div><\/div><\/div><\/div><div id=\"pg-284-1\"  class=\"panel-grid panel-no-style\"  style=\"margin-bottom: 30px\" ><div id=\"pgc-284-1-0\"  class=\"panel-grid-cell\" ><div id=\"panel-284-1-0-0\" class=\"so-panel widget widget_sow-editor panel-first-child panel-last-child\" data-index=\"1\" ><div\n\t\t\t\n\t\t\tclass=\"so-widget-sow-editor so-widget-sow-editor-base\"\n\t\t\t\n\t\t>\n<div class=\"siteorigin-widget-tinymce textwidget\">\n\t<h6>Zapraszamy do kontaktu z nami w celu uzyskania<br \/>\ndalszych informacji na temat oferty i dokonania zakupu.<\/h6>\n<p>P.P.H.U. OLLER-TRADE<br \/>\nWanda Oller<br \/>\nWejhera 78<br \/>\n82-200 Malbork, Polska<br \/>\n+48 601643072<\/p>\n<\/div>\n<\/div><\/div><\/div><\/div><div id=\"pg-284-2\"  class=\"panel-grid panel-no-style\"  style=\"margin-bottom: 30px\" ><div id=\"pgc-284-2-0\"  class=\"panel-grid-cell\" ><div id=\"panel-284-2-0-0\" class=\"widget_text so-panel widget widget_custom_html panel-first-child panel-last-child\" data-index=\"2\" ><div id=\"Contact\" class=\"widget_text panel-widget-style panel-widget-style-for-284-2-0-0\" ><h3 class=\"widget-title\">Formularz kontaktowy<\/h3><div class=\"textwidget custom-html-widget\">\n<div class=\"wpcf7 no-js\" id=\"wpcf7-f100-o1\" lang=\"pl-PL\" dir=\"ltr\" data-wpcf7-id=\"100\">\n<div class=\"screen-reader-response\"><p role=\"status\" aria-live=\"polite\" aria-atomic=\"true\"><\/p> <ul><\/ul><\/div>\n<form action=\"\/index.php\/wp-json\/wp\/v2\/pages\/284#wpcf7-f100-o1\" method=\"post\" class=\"wpcf7-form init\" aria-label=\"Formularz kontaktowy\" novalidate=\"novalidate\" data-status=\"init\">\n<fieldset class=\"hidden-fields-container\"><input type=\"hidden\" name=\"_wpcf7\" value=\"100\" \/><input type=\"hidden\" name=\"_wpcf7_version\" value=\"6.1.4\" \/><input type=\"hidden\" name=\"_wpcf7_locale\" value=\"pl_PL\" \/><input type=\"hidden\" name=\"_wpcf7_unit_tag\" value=\"wpcf7-f100-o1\" \/><input type=\"hidden\" name=\"_wpcf7_container_post\" value=\"0\" \/><input type=\"hidden\" name=\"_wpcf7_posted_data_hash\" value=\"\" \/>\n<\/fieldset>\n<p><label> Imi\u0119 i nazwisko (wymagane)<br \/>\n<span class=\"wpcf7-form-control-wrap\" data-name=\"your-name\"><input size=\"40\" maxlength=\"400\" class=\"wpcf7-form-control wpcf7-text wpcf7-validates-as-required\" aria-required=\"true\" aria-invalid=\"false\" value=\"\" type=\"text\" name=\"your-name\" \/><\/span> <\/label>\n<\/p>\n<p><label> Nazwa firmy (wymagane)<br \/>\n<span class=\"wpcf7-form-control-wrap\" data-name=\"company\"><input size=\"40\" maxlength=\"400\" class=\"wpcf7-form-control wpcf7-text wpcf7-validates-as-required\" aria-required=\"true\" aria-invalid=\"false\" value=\"\" type=\"text\" name=\"company\" \/><\/span> <\/label>\n<\/p>\n<p><label> Numer telefonu (wymagane)<br \/>\n<span class=\"wpcf7-form-control-wrap\" data-name=\"phone\"><input size=\"40\" maxlength=\"400\" class=\"wpcf7-form-control wpcf7-text wpcf7-validates-as-required\" aria-required=\"true\" aria-invalid=\"false\" value=\"\" type=\"text\" name=\"phone\" \/><\/span> <\/label>\n<\/p>\n<p><label> Adres email (wymagane)<br \/>\n<span class=\"wpcf7-form-control-wrap\" data-name=\"your-email\"><input size=\"40\" maxlength=\"400\" class=\"wpcf7-form-control wpcf7-email wpcf7-validates-as-required wpcf7-text wpcf7-validates-as-email\" aria-required=\"true\" aria-invalid=\"false\" value=\"\" type=\"email\" name=\"your-email\" \/><\/span> <\/label>\n<\/p>\n<p><label> Temat (wymagane)<br \/>\n<span class=\"wpcf7-form-control-wrap\" data-name=\"your-subject\"><input size=\"40\" maxlength=\"400\" class=\"wpcf7-form-control wpcf7-text wpcf7-validates-as-required\" aria-required=\"true\" aria-invalid=\"false\" value=\"\" type=\"text\" name=\"your-subject\" \/><\/span> <\/label>\n<\/p>\n<p><label> Tre\u015b\u0107 wiadomo\u015bci (wymagane)<br \/>\n<span class=\"wpcf7-form-control-wrap\" data-name=\"your-message\"><textarea cols=\"40\" rows=\"6\" maxlength=\"2000\" class=\"wpcf7-form-control wpcf7-textarea wpcf7-validates-as-required\" aria-required=\"true\" aria-invalid=\"false\" name=\"your-message\"><\/textarea><\/span> <\/label>\n<\/p>\n<p><input class=\"wpcf7-form-control wpcf7-submit has-spinner\" type=\"submit\" value=\"Wy\u015blij\" \/>\n<\/p><div class=\"wpcf7-response-output\" aria-hidden=\"true\"><\/div>\n<\/form>\n<\/div>\n<\/div><\/div><\/div><\/div><\/div><div id=\"pg-284-3\"  class=\"panel-grid panel-no-style\" ><div id=\"pgc-284-3-0\"  class=\"panel-grid-cell\" ><div id=\"panel-284-3-0-0\" class=\"so-panel widget widget_text panel-first-child panel-last-child\" data-index=\"3\" ><h3 class=\"widget-title\">O\u015bwiadczenie dotycz\u0105ce RODO<\/h3>\t\t\t<div class=\"textwidget\"><p>Administratorem danych osobowych jest:<\/p>\n<p>Firma OLLER-TRADE Wanda Oller<br \/>\nul. Wejhera 78, 82-200 Malbork<br \/>\ntel. +48 601643072<br \/>\ne-mail: oller-trade@o2.pl.<\/p>\n<p>Podanie danych jest dobrowolne i jest warunkiem udzielenia odpowiedzi na przes\u0142ane zapytanie, lub realizacji zam\u00f3wienia. Dane b\u0119d\u0105 przetwarzane w celu udzielenia odpowiedzi na przes\u0142ane zapytania (podstawa prawna: prawnie uzasadniony interes administratora).<\/p>\n<p>Dane b\u0119d\u0105 przechowywane przez okres: do czasu wycofania zgody na przetwarzanie danych lub przez okres wymagany w\u0142a\u015bciwymi przepisami prawa (np. przepisami o rachunkowo\u015bci). Ka\u017cdej osobie przys\u0142uguje prawo do \u017c\u0105dania dost\u0119pu do swoich danych osobowych, ich sprostowania, usuni\u0119cia, ograniczenia przetwarzania oraz ich przenoszenia.<\/p>\n<p>Ka\u017cdej osobie przys\u0142uguje prawo do wniesienia sprzeciwu wobec przetwarzania danych, wniesienia skargi do organu nadzorczego oraz cofni\u0119cia zgody w dowolnym momencie bez wp\u0142ywu na zgodno\u015b\u0107 z prawem przetwarzania, kt\u00f3rego dokonano na podstawie zgody przed jej cofni\u0119ciem.<\/p>\n<p>Ka\u017cdej osobie przys\u0142uguje prawo do wniesienia sprzeciwu wobec przetwarzania jej danych osobowych na podstawie prawnie uzasadnionego interesu administratora, a tak\u017ce sprzeciwu wobec przetwarzania jej danych osobowych na potrzeby marketingu.<\/p>\n<p>Wysy\u0142aj\u0105c wiadomo\u015b\u0107 o\u015bwiadczam, \u017ce zapozna\u0142em si\u0119 z tre\u015bci\u0105 powy\u017cszego o\u015bwiadczenia i wyra\u017cam zgod\u0119 na wykorzystanie przez P.P.H.U. OLLER-TRADE Wanda Oller, informacji podanych przeze mnie.<\/p>\n<\/div>\n\t\t<\/div><\/div><\/div><\/div>","protected":false},"excerpt":{"rendered":"<p>Zapraszamy do kontaktu z nami w celu uzyskania dalszych informacji na temat oferty i dokonania zakupu. P.P.H.U. OLLER-TRADE Wanda Oller Wejhera 78 82-200 Malbork, Polska +48 601643072<\/p>\n","protected":false},"author":1,"featured_media":0,"parent":32,"menu_order":0,"comment_status":"closed","ping_status":"closed","template":"page-templates\/template-fullwidth.php","meta":{"_themeisle_gutenberg_block_has_review":false,"footnotes":""},"class_list":["post-284","page","type-page","status-publish","hentry"],"_links":{"self":[{"href":"https:\/\/oller-trade.eu\/index.php\/wp-json\/wp\/v2\/pages\/284","targetHints":{"allow":["GET"]}}],"collection":[{"href":"https:\/\/oller-trade.eu\/index.php\/wp-json\/wp\/v2\/pages"}],"about":[{"href":"https:\/\/oller-trade.eu\/index.php\/wp-json\/wp\/v2\/types\/page"}],"author":[{"embeddable":true,"href":"https:\/\/oller-trade.eu\/index.php\/wp-json\/wp\/v2\/users\/1"}],"replies":[{"embeddable":true,"href":"https:\/\/oller-trade.eu\/index.php\/wp-json\/wp\/v2\/comments?post=284"}],"version-history":[{"count":33,"href":"https:\/\/oller-trade.eu\/index.php\/wp-json\/wp\/v2\/pages\/284\/revisions"}],"predecessor-version":[{"id":725,"href":"https:\/\/oller-trade.eu\/index.php\/wp-json\/wp\/v2\/pages\/284\/revisions\/725"}],"up":[{"embeddable":true,"href":"https:\/\/oller-trade.eu\/index.php\/wp-json\/wp\/v2\/pages\/32"}],"wp:attachment":[{"href":"https:\/\/oller-trade.eu\/index.php\/wp-json\/wp\/v2\/media?parent=284"}],"curies":[{"name":"wp","href":"https:\/\/api.w.org\/{rel}","templated":true}]}}